{"id":591,"date":"2020-11-17T14:54:45","date_gmt":"2020-11-17T14:54:45","guid":{"rendered":"https:\/\/techknowledge.wpengine.com\/?page_id=591"},"modified":"2023-07-13T13:27:33","modified_gmt":"2023-07-13T13:27:33","slug":"cookie-policy","status":"publish","type":"page","link":"https:\/\/b2btechknowledge.net\/de\/cookie-policy\/","title":{"rendered":"Cookie-Richtlinie"},"content":{"rendered":"<p><strong>Was sind Cookies?<\/strong><br \/>\nCookies sind kleine Textdateien, die von den Websites, die Sie besuchen, auf Ihrem Computer gespeichert werden. Sie werden h\u00e4ufig eingesetzt, um Websites funktionsf\u00e4hig zu machen oder ihre Effizienz zu erh\u00f6hen, und um den Eigent\u00fcmern der Website Informationen zukommen zu lassen. Die Verwendung von Cookies ist heutzutage bei den meisten Webseiten Standard. Perfect Pitch Lead Generation Ltd, handelnd als TechKnowledge, (\"Der Anbieter\").<\/p>\n<p><strong>Verwendung von Cookies auf TechKnowledge-Webseiten<\/strong><br \/>\nWir verwenden Cookies und andere Online-Identifikationstechnologien, wie Web-Beacons oder Bildpunkte, um den Nutzern ein besseres Anwendererlebnis zu bieten. Durch die Nutzung dieser Webseite oder Anwendung erkl\u00e4ren Sie sich mit dem Einsatz solcher Identifizierungstechnologien einverstanden.<\/p>\n<p><strong>Registrierte Anwender<\/strong><br \/>\nWir verwenden diese Technologien, um Ihnen die Navigation auf den Webseiten zu vereinfachen und um Ihnen besser auf Sie zugeschnittene Inhalte zu liefern. Wenn Sie sich daf\u00fcr entscheiden, ein registrierter Nutzer zu werden, verwenden wir Cookies, um Ihre Registrierung zu erleichtern und Ihre Pr\u00e4ferenzen zu speichern. Wenn Sie sich entscheiden, ein registrierter Anwender zu werden, k\u00f6nnen Sie die Vorteile der Registrierung nur dann nutzen, wenn Sie die unbedingt erforderlichen Cookies akzeptieren, zu denen auch die Cookies geh\u00f6ren, die im Rahmen der Registrierung Anwendung finden.<\/p>\n<p><strong>Analytik und Webseite-Statistiken<\/strong><br \/>\nWir verwenden diese Technologien auch, um Nutzungsinformationen und Statistiken \u00fcber die Nutzung der Webseite zu erfassen. So sammeln wir beispielsweise Informationen \u00fcber Seitenbesuche und Navigation, um festzustellen, welche Artikel und Themen von gr\u00f6\u00dftem Interesse sind, und ob die Nutzer alle Inhalte leicht finden k\u00f6nnen. Gleichfalls erfassen wir Informationen dar\u00fcber welche Artikel und Videos angesehen werden, und ob die Videos vollst\u00e4ndig angesehen werden, um zu ermitteln, welche Inhalte f\u00fcr die Nutzer am interessantesten sind. Wir verwenden die Nutzungsdaten auch, um verschiedene Berichte \u00fcber die Nutzung der Webseiten zu erstellen. Diese Berichte enthalten zusammengefasste Informationen \u00fcber die Nutzer und geben keinerlei R\u00fcckschl\u00fcsse auf einzelne Nutzer. Wenn Sie ein registrierter Nutzer sind, k\u00f6nnen wir auch Informationen dar\u00fcber erhalten, welche spezifischen Interessen Sie haben, einschlie\u00dflich der Artikel, die Sie sich auf der Webseite angesehen haben, um zu verstehen, welche Inhalte Sie am meisten interessieren. Einzelne TechKnowledge-Webseiten k\u00f6nnen zus\u00e4tzliche Cookies oder Drittanbieter Analysetools verwenden. Weiterf\u00fchrende Informationen \u00fcber die auf den einzelnen Webseiten begr\u00e4uchigen Cookies und Tools von Drittanbietern finden Sie in den Cookie-Informationen auf den einzelnen Seites, die Sie jeweils besuchen.<\/p>\n<p><strong>Messung der Effektivit\u00e4t unserer Aktivit\u00e4ten<\/strong><br \/>\nWir k\u00f6nnen Online-Identifikationstechnologien von Marketingpartnern, Webseiten Dritter und Social-Media-Plattformen anwenden. Diese Technologien helfen uns, die Wirksamkeit unserer Marketing- und Sensibilisierungskampagnen zu messen und zu verstehen, wie Besucher von TechKnowledge zu den Webseiten finden. Wir verwenden diese Technologien, um Statistiken \u00fcber Besucher zu erstellen, die mit den Webseiten und anderen Online-Inhalten von TechKnowledge interagieren, um die Wirksamkeit unserer Werbung beurteilen zu k\u00f6nnen und um unseren Besuchern zweckdienlichere Informationen zu bieten.<\/p>\n<p><strong>Verwaltung von Cookies auf Ihrem Ger\u00e4t<\/strong><br \/>\nSie k\u00f6nnen Cookies \u00fcber Ihren Browser kontrollieren und verwalten. Bitte beachten Sie, dass das Entfernen oder Blockieren von Cookies Ihr Benutzererlebnis beeintr\u00e4chtigen kann und einige Funktionen m\u00f6glicherweise nicht mehr verf\u00fcgbar sind.<\/p>\n<p><strong>Verwendung Ihres Browsers zur Kontrolle von Cookies<\/strong><br \/>\nMit den meisten Browsern k\u00f6nnen Sie Cookies f\u00fcr eine Webseite anzeigen, verwalten, l\u00f6schen und blockieren. Beachten Sie, dass beim L\u00f6schen aller Cookies auch alle von Ihnen festgelegten Einstellungen verloren gehen, einschlie\u00dfend der M\u00f6glichkeit Cookies abzulehnen, da f\u00fcr diese Funktion selbst die Platzierung eines Ablehnungs-Cookies auf Ihrem Ger\u00e4t erforderlich ist. Einige Anleitungen zur Kontrolle von Cookies f\u00fcr g\u00e4ngige Browser sind nachfolgend verlinkt.<\/p>\n<p><strong>Google Chrome<\/strong><br \/>\nhttps:\/\/support.google.com\/chrome\/answer\/95647?co=GENIE.Platform%3DDesktop&#038;hl=en<\/p>\n<p><strong>Mozilla Firefox<\/strong><br \/>\nhttps:\/\/support.mozilla.org\/en-US\/kb\/enable-and-disable-cookies-website-preferences<\/p>\n<p><strong>MacOS Safari<\/strong><br \/>\nhttps:\/\/support.apple.com\/kb\/ph21411?locale=en_US<\/p>\n<p><strong>Microsoft Internet Explorer<\/strong><br \/>\nhttps:\/\/support.microsoft.com\/en-us\/help\/17442\/windows-internet-explorer-delete-manage-cookies<\/p>\n<p>Informationen zu weiteren Browsern und Ger\u00e4tetypen finden Sie unter http:\/\/www.aboutcookies.org\/ oder http:\/\/www.cookiecentral.com\/faq\/.<\/p>\n<p><strong>Verwaltung von Analyse-Cookies<\/strong><br \/>\nSie k\u00f6nnen sich von den Aufzeichnungen Ihres anonymisierten Browserverlaufs auf unseren Webseiten oder in unseren Anwendungen durch Analyse-Cookies abmelden. Wir arbeiten mit den folgenden Dienstanbietern zusammen, und Sie k\u00f6nnen mehr \u00fcber deren Datenschutzrichtlinien erfahren und wie Sie sich von deren Analyse-Cookies abmelden k\u00f6nnen, indem Sie auf die folgenden Links klicken:<\/p>\n<p><strong>Google Analytics:\u00a0<\/strong><br \/>\nhttps:\/\/www.google.com\/analytics\/learn\/privacy.html<\/p>\n<p><strong>Vimeo cookie policy:<\/strong> https:\/\/vimeo.com\/cookie_policy#:~:text=Vimeo%20video%20player%3A%20Vimeo&#8217;s%20embeddable,place%20cookies%20of%20its%20own.<\/p>\n<p><strong>Auskunft von Cookies<\/strong><br \/>\nIm folgenden Abschnitt werden die Arten, Kategorien und der Zweck von Cookies auf den Webseiten erl\u00e4utert. Durch die Nutzung dieser Webseiten erkl\u00e4ren Sie sich mit dem Einsatz von Cookies f\u00fcr den angegebenen Zweck einverstanden.<\/p>\n<p><strong>Arten von Cookies<\/strong><br \/>\nSitzungscookies: Diese Cookies verbleiben nur w\u00e4hrend der Browsersitzung in Ihrem Browser, d. h. bis Sie die Webseite verlassen. Dauerhafte Cookies: Diese Cookies bleiben nach der Browsersitzung f\u00fcr einen bestimmten Zeitraum in Ihrem Browser gespeichert (falls sie nicht von Ihnen gel\u00f6scht werden).<\/p>\n<p><strong>Force24-Cookies und Tracking<\/strong><\/p>\n<p>Unsere Organisation nutzt die Marketing-Automatisierungsplattform von Force24.<\/p>\n<p>Force24-Cookies sind Erstanbieter-Cookies und werden zum Zeitpunkt der Cookie-Akzeptanz auf dieser Website aktiviert. Die Cookies werden im Folgenden benannt:<\/p>\n<ul>\n<li>F24_autoID<\/li>\n<li>F24_personID<\/li>\n<\/ul>\n<p>Sie erm\u00f6glichen es uns, unser Publikumsengagement zu verstehen und so eine bessere Optimierung der Marketingaktivit\u00e4ten zu erm\u00f6glichen.<\/p>\n<p><strong>f24_autoId \u2013<\/strong> Dies ist eine tempor\u00e4re Kennung auf einem lokalen Computer oder Telefonbrowser, die uns hilft, anonyme Informationen zu verfolgen, um sie sp\u00e4ter mit f24_personid zu verkn\u00fcpfen. Wenn diese anonym bleiben, werden sie nach 6 Monaten gel\u00f6scht. Unwesentlich, Erstanbieter, 10 Jahre, persistent.<\/p>\n<p><strong>f24_personId<\/strong> Dies ist eine ID, die pro einzelnem Kontakt im Force24-System generiert wird, um das Verhalten verfolgen und Formulareingaben in das Force24-System von externen Quellen pro Benutzer zu erm\u00f6glichen. Dies dient der Personalisierung und der F\u00e4higkeit, Entscheidungen f\u00fcr die weitere Kommunikation zu segmentieren. Unwesentlich, Erstanbieter, 10 Jahre, persistent.<\/p>\n<p>Die von Force24-Cookies gespeicherten Informationen bleiben anonym, bis:<\/p>\n<ul>\n<li>Unsere Website wird durch Klicken aus einer E-Mail oder SMS-Nachricht besucht, die \u00fcber die Force24-Plattform gesendet wird, und Cookies werden auf der Website akzeptiert.<\/li>\n<li>Ein Benutzer der Website f\u00fcllt ein Formular aus, das eine E-Mail-Adresse von unserer Website oder unseren Force24-Landingpages enth\u00e4lt.<\/li>\n<\/ul>\n<p>Die Force24-Cookies verbleiben 10 Jahre auf einem Ger\u00e4t, sofern sie nicht gel\u00f6scht werden.<\/p>\n<p><strong>Sonstiges Tracking<\/strong><\/p>\n<p>Wir verwenden auch \u00e4hnliche Technologien, einschlie\u00dflich Tracking-Pixel und Link-Tracking, um Ihre Anzeigeaktivit\u00e4ten zu \u00fcberwachen<\/p>\n<p><strong>Ger\u00e4te- und Browsertyp und \u00d6ffnungsstatistik<\/strong><\/p>\n<p>All emails have a tracking pixel ( a tiny invisible image ) with a query string in the URL. Within the URL we have user details to identify who opened an email for statistical purposes.<\/p>\n<p><strong>Link Tracking<\/strong><\/p>\n<p>All links within emails and SMS messages sent from the Force24 platform contain a unique tracking reference, this reference help us identify who clicked an email for statistical purposes.<\/p>\n<p><strong>Cookie-Kategorien<\/strong><br \/>\nUnbedingt Notwendige Cookies: Diese Cookies sind f\u00fcr die Funktionalit\u00e4t der Webseite wesentlich und k\u00f6nnen nicht abgeschaltet werden, ohne dass Funktionen der Webseite blockiert werden. Sie werden in der Regel als Reaktion auf Ihre Handlungen auf der Webseite gesetzt, wie z. B. das Ausf\u00fcllen von Formularen, das Festlegen von Einstellungen oder das Einloggen. Leistungs-Cookies: Diese Cookies erm\u00f6glichen es uns, Analysen zu betreiben, um die Leistung und Funktionalit\u00e4t unserer Webseite zu verbessern. Diese Analysen k\u00f6nnen Bewertungen zur Beliebtheit einer Seite, zu allgemeinen Mustern des Surfens auf der Webseite und zur H\u00e4ufigkeit der Nutzung einer bestimmten Funktion beinhalten.  Normalerweise fassen wir die Daten zur \u00dcbersicht zusammen, aber in einigen F\u00e4llen k\u00f6nnen wir Informationen \u00fcber die von Ihnen angesehenen Inhalte sammeln, um zu verstehen, was Sie am meisten interessiert. Anpassungs-Cookies: Diese Cookies helfen uns zu verstehen, wie effektiv unsere Marketingkampagnen sind und verbessern Ihre Online-Erfahrungen bei Anpassungen von TechKnowledge.<\/p>","protected":false},"excerpt":{"rendered":"<p>What are cookies? Cookies are small text files that are placed on your computer by the websites that you visit&#8230;.<\/p>","protected":false},"author":3,"featured_media":0,"parent":0,"menu_order":0,"comment_status":"closed","ping_status":"closed","template":"","meta":{"_acf_changed":false,"footnotes":""},"class_list":["post-591","page","type-page","status-publish","hentry"],"acf":[],"yoast_head":"<!-- This site is optimized with the Yoast SEO plugin v24.9 - https:\/\/yoast.com\/wordpress\/plugins\/seo\/ -->\n<title>Cookie Policy - Techknowledge<\/title>\n<meta name=\"description\" content=\"Our cookie policy is a declaration on what cookies are active on our website, what user data we track, for what purpose, and where in the world this data is sent.\" \/>\n<meta name=\"robots\" content=\"index, follow, max-snippet:-1, max-image-preview:large, max-video-preview:-1\" \/>\n<link rel=\"canonical\" href=\"https:\/\/b2btechknowledge.net\/de\/cookie-policy\/\" \/>\n<meta property=\"og:locale\" content=\"de_DE\" \/>\n<meta property=\"og:type\" content=\"article\" \/>\n<meta property=\"og:title\" content=\"Cookie Policy - Techknowledge\" \/>\n<meta property=\"og:description\" content=\"Our cookie policy is a declaration on what cookies are active on our website, what user data we track, for what purpose, and where in the world this data is sent.\" \/>\n<meta property=\"og:url\" content=\"https:\/\/b2btechknowledge.net\/de\/cookie-policy\/\" \/>\n<meta property=\"og:site_name\" content=\"Techknowledge\" \/>\n<meta property=\"article:modified_time\" content=\"2023-07-13T13:27:33+00:00\" \/>\n<meta name=\"twitter:card\" content=\"summary_large_image\" \/>\n<meta name=\"twitter:label1\" content=\"Gesch\u00e4tzte Lesezeit\" \/>\n\t<meta name=\"twitter:data1\" content=\"6 Minuten\" \/>\n<script type=\"application\/ld+json\" class=\"yoast-schema-graph\">{\"@context\":\"https:\/\/schema.org\",\"@graph\":[{\"@type\":\"WebPage\",\"@id\":\"https:\/\/b2btechknowledge.net\/cookie-policy\/\",\"url\":\"https:\/\/b2btechknowledge.net\/cookie-policy\/\",\"name\":\"Cookie Policy - Techknowledge\",\"isPartOf\":{\"@id\":\"https:\/\/b2btechknowledge.net\/#website\"},\"datePublished\":\"2020-11-17T14:54:45+00:00\",\"dateModified\":\"2023-07-13T13:27:33+00:00\",\"description\":\"Our cookie policy is a declaration on what cookies are active on our website, what user data we track, for what purpose, and where in the world this data is sent.\",\"breadcrumb\":{\"@id\":\"https:\/\/b2btechknowledge.net\/cookie-policy\/#breadcrumb\"},\"inLanguage\":\"de-DE\",\"potentialAction\":[{\"@type\":\"ReadAction\",\"target\":[\"https:\/\/b2btechknowledge.net\/cookie-policy\/\"]}]},{\"@type\":\"BreadcrumbList\",\"@id\":\"https:\/\/b2btechknowledge.net\/cookie-policy\/#breadcrumb\",\"itemListElement\":[{\"@type\":\"ListItem\",\"position\":1,\"name\":\"Home\",\"item\":\"https:\/\/b2btechknowledge.net\/\"},{\"@type\":\"ListItem\",\"position\":2,\"name\":\"Cookie Policy\"}]},{\"@type\":\"WebSite\",\"@id\":\"https:\/\/b2btechknowledge.net\/#website\",\"url\":\"https:\/\/b2btechknowledge.net\/\",\"name\":\"Techknowledge\",\"description\":\"\",\"potentialAction\":[{\"@type\":\"SearchAction\",\"target\":{\"@type\":\"EntryPoint\",\"urlTemplate\":\"https:\/\/b2btechknowledge.net\/?s={search_term_string}\"},\"query-input\":{\"@type\":\"PropertyValueSpecification\",\"valueRequired\":true,\"valueName\":\"search_term_string\"}}],\"inLanguage\":\"de-DE\"}]}<\/script>\n<!-- \/ Yoast SEO plugin. -->","yoast_head_json":{"title":"Cookie Policy - Techknowledge","description":"Our cookie policy is a declaration on what cookies are active on our website, what user data we track, for what purpose, and where in the world this data is sent.","robots":{"index":"index","follow":"follow","max-snippet":"max-snippet:-1","max-image-preview":"max-image-preview:large","max-video-preview":"max-video-preview:-1"},"canonical":"https:\/\/b2btechknowledge.net\/de\/cookie-policy\/","og_locale":"de_DE","og_type":"article","og_title":"Cookie Policy - Techknowledge","og_description":"Our cookie policy is a declaration on what cookies are active on our website, what user data we track, for what purpose, and where in the world this data is sent.","og_url":"https:\/\/b2btechknowledge.net\/de\/cookie-policy\/","og_site_name":"Techknowledge","article_modified_time":"2023-07-13T13:27:33+00:00","twitter_card":"summary_large_image","twitter_misc":{"Gesch\u00e4tzte Lesezeit":"6 Minuten"},"schema":{"@context":"https:\/\/schema.org","@graph":[{"@type":"WebPage","@id":"https:\/\/b2btechknowledge.net\/cookie-policy\/","url":"https:\/\/b2btechknowledge.net\/cookie-policy\/","name":"Cookie Policy - Techknowledge","isPartOf":{"@id":"https:\/\/b2btechknowledge.net\/#website"},"datePublished":"2020-11-17T14:54:45+00:00","dateModified":"2023-07-13T13:27:33+00:00","description":"Our cookie policy is a declaration on what cookies are active on our website, what user data we track, for what purpose, and where in the world this data is sent.","breadcrumb":{"@id":"https:\/\/b2btechknowledge.net\/cookie-policy\/#breadcrumb"},"inLanguage":"de-DE","potentialAction":[{"@type":"ReadAction","target":["https:\/\/b2btechknowledge.net\/cookie-policy\/"]}]},{"@type":"BreadcrumbList","@id":"https:\/\/b2btechknowledge.net\/cookie-policy\/#breadcrumb","itemListElement":[{"@type":"ListItem","position":1,"name":"Home","item":"https:\/\/b2btechknowledge.net\/"},{"@type":"ListItem","position":2,"name":"Cookie Policy"}]},{"@type":"WebSite","@id":"https:\/\/b2btechknowledge.net\/#website","url":"https:\/\/b2btechknowledge.net\/","name":"Techknowledge","description":"","potentialAction":[{"@type":"SearchAction","target":{"@type":"EntryPoint","urlTemplate":"https:\/\/b2btechknowledge.net\/?s={search_term_string}"},"query-input":{"@type":"PropertyValueSpecification","valueRequired":true,"valueName":"search_term_string"}}],"inLanguage":"de-DE"}]}},"_links":{"self":[{"href":"https:\/\/b2btechknowledge.net\/de\/wp-json\/wp\/v2\/pages\/591","targetHints":{"allow":["GET"]}}],"collection":[{"href":"https:\/\/b2btechknowledge.net\/de\/wp-json\/wp\/v2\/pages"}],"about":[{"href":"https:\/\/b2btechknowledge.net\/de\/wp-json\/wp\/v2\/types\/page"}],"author":[{"embeddable":true,"href":"https:\/\/b2btechknowledge.net\/de\/wp-json\/wp\/v2\/users\/3"}],"replies":[{"embeddable":true,"href":"https:\/\/b2btechknowledge.net\/de\/wp-json\/wp\/v2\/comments?post=591"}],"version-history":[{"count":0,"href":"https:\/\/b2btechknowledge.net\/de\/wp-json\/wp\/v2\/pages\/591\/revisions"}],"wp:attachment":[{"href":"https:\/\/b2btechknowledge.net\/de\/wp-json\/wp\/v2\/media?parent=591"}],"curies":[{"name":"wp","href":"https:\/\/api.w.org\/{rel}","templated":true}]}}